{"id":662,"date":"2025-03-03T11:35:33","date_gmt":"2025-03-03T17:35:33","guid":{"rendered":"https:\/\/akamba.mx\/how-to-get-there\/"},"modified":"2025-11-18T15:10:20","modified_gmt":"2025-11-18T21:10:20","slug":"how-to-get-there","status":"publish","type":"page","link":"https:\/\/akamba.mx\/en\/how-to-get-there\/","title":{"rendered":"How to get there"},"content":{"rendered":"<div class=\"wpb-content-wrapper\">[vc_section full_width=&#8221;stretch_row&#8221; local_scroll_id=&#8221;hospedaje&#8221; el_class=&#8221;hospedaje&#8221; css=&#8221;.vc_custom_1763498229159{padding-top: 4em !important;padding-bottom: 4em !important;background-image: url(https:\/\/akamba.mx\/wp-content\/uploads\/2025\/11\/2-80.jpg?id=1331) !important;background-position: center !important;background-repeat: no-repeat !important;background-size: cover !important;}&#8221;][vc_row][vc_column]<style>.vcex-heading.vcex_69d4a917e55c4{width:750px;color:var(--wpex-palette-237-color);}.vcex-heading.vcex_69d4a917e55c4 .vcex-heading-inner{background-color:var(--wpex-palette-28-color);}<\/style><h1 class=\"vcex-heading vcex-heading-plain vcex-module wpex-h1 wpex-text-center wpex-max-w-100 wpex-mx-auto vcex_69d4a917e55c4\"><span class=\"vcex-heading-inner wpex-inline-block wpex-px-15 wpex-py-10\">How to get there<\/span><\/h1>[\/vc_column][\/vc_row][vc_row content_placement=&#8221;middle&#8221; typography_style=&#8221;white&#8221; css=&#8221;.vc_custom_1763498245509{padding-top: 2em !important;padding-right: 1em !important;padding-bottom: 2em !important;padding-left: 1em !important;}&#8221; wpex_bg_color=&#8221;palette-28&#8243;][vc_column width=&#8221;1\/2&#8243;]<figure class=\"vcex-image vcex-module\"><div class=\"vcex-image-inner wpex-relative wpex-inline-block\"><img width=\"1280\" height=\"768\" src=\"https:\/\/akamba.mx\/wp-content\/uploads\/2025\/03\/freepik__a-latin-young-man-of-30-holding-a-phone-with-a-map__68990.jpeg\" class=\"vcex-image-img wpex-align-middle wpex-aspect-1-1 wpex-object-cover\" alt=\"\" loading=\"lazy\" decoding=\"async\" srcset=\"https:\/\/akamba.mx\/wp-content\/uploads\/2025\/03\/freepik__a-latin-young-man-of-30-holding-a-phone-with-a-map__68990.jpeg 1280w, https:\/\/akamba.mx\/wp-content\/uploads\/2025\/03\/freepik__a-latin-young-man-of-30-holding-a-phone-with-a-map__68990-768x461.jpeg 768w\" sizes=\"auto, (max-width: 1280px) 100vw, 1280px\" \/><\/div><\/figure>[\/vc_column][vc_column width=&#8221;1\/2&#8243;]<style>.vcex-heading.vcex_69d4a917e7fca{width:750px;color:var(--wpex-palette-28-color);}.vcex-heading.vcex_69d4a917e7fca .vcex-heading-inner{background-color:var(--wpex-palette-27-color);}<\/style><h2 class=\"vcex-heading vcex-heading-plain vcex-module wpex-h3 wpex-max-w-100 wpex-mx-auto vcex_69d4a917e7fca\"><span class=\"vcex-heading-inner wpex-inline-block wpex-px-15 wpex-py-10\">By car<\/span><\/h2>[vc_column_text css=&#8221;&#8221; width=&#8221;750px&#8221;]Tequila is located a little more than 60 km from Guadalajara, if you go by car; just use the following term to get to the festival or click to see it in your Waze, Google Maps, Apple Map browser: \u201c<a href=\"https:\/\/maps.app.goo.gl\/9sEzTgkhF6LsaRys8\" target=\"_blank\" rel=\"noopener\">FESTIVAL AKAMBA<\/a>\u201c, soon you will see signage that will guide you to the venue.<\/p>\n<p><strong>Plan your trip ahead of time and try to arrive early, the main access is narrow and you may encounter some traffic congestion.<\/strong><\/p>\n<p>At Akamba we have a parking area and large capacity to accommodate the cars of all our attendees.<\/p>\n<p>We recommend you to share your car with more friends, this way you save fuel and help to reduce the environmental impact of the trip.[\/vc_column_text]<div class=\"vcex-spacing wpex-w-100 wpex-clear\" style=\"height:20px;\"><\/div><style>.vcex-button.vcex_69d4a917e8b6c{background:var(--wpex-palette-237-color);color:var(--wpex-palette-28-color)!important;}.vcex-button.vcex_69d4a917e8b6c:hover{background:var(--wpex-palette-27-color)!important;}<\/style><a href=\"https:\/\/maps.app.goo.gl\/8CsUCJ1WMmxgtFT46\" class=\"vcex-button theme-button inline vcex_69d4a917e8b6c\" target=\"_blank\" rel=\"nofollow noopener noreferrer\"><span class=\"vcex-button-inner theme-button-inner wpex-flex wpex-flex-wrap wpex-items-center wpex-justify-center\"><span class=\"vcex-button-icon vcex-icon-wrap theme-button-icon-left\"><span class=\"wpex-icon\" aria-hidden=\"true\"><svg xmlns=\"http:\/\/www.w3.org\/2000\/svg\" viewBox=\"0 0 18 32\"><path d=\"M13.714 11.429q0-1.893-1.339-3.232t-3.232-1.339-3.232 1.339-1.339 3.232 1.339 3.232 3.232 1.339 3.232-1.339 1.339-3.232zM18.286 11.429q0 1.946-0.589 3.196l-6.5 13.821q-0.286 0.589-0.848 0.929t-1.205 0.339-1.205-0.339-0.83-0.929l-6.518-13.821q-0.589-1.25-0.589-3.196 0-3.786 2.679-6.464t6.464-2.679 6.464 2.679 2.679 6.464z\"><\/path><\/svg><\/span><\/span>Link to Google Maps<\/span><\/a> [\/vc_column][\/vc_row][vc_row content_placement=&#8221;middle&#8221; columns_right=&#8221;yes&#8221; typography_style=&#8221;white&#8221; css=&#8221;.vc_custom_1763498250746{margin-top: 2em !important;padding-top: 2em !important;padding-right: 1em !important;padding-bottom: 2em !important;padding-left: 1em !important;}&#8221; wpex_bg_color=&#8221;palette-28&#8243;][vc_column width=&#8221;1\/2&#8243;]<figure class=\"vcex-image vcex-module\"><div class=\"vcex-image-inner wpex-relative wpex-inline-block\"><img width=\"2560\" height=\"1707\" src=\"https:\/\/akamba.mx\/wp-content\/uploads\/2025\/03\/AK_People_32.jpg\" class=\"vcex-image-img wpex-align-middle wpex-aspect-1-1 wpex-object-cover\" alt=\"\" loading=\"lazy\" decoding=\"async\" srcset=\"https:\/\/akamba.mx\/wp-content\/uploads\/2025\/03\/AK_People_32.jpg 2560w, https:\/\/akamba.mx\/wp-content\/uploads\/2025\/03\/AK_People_32-768x512.jpg 768w, https:\/\/akamba.mx\/wp-content\/uploads\/2025\/03\/AK_People_32-1536x1024.jpg 1536w, https:\/\/akamba.mx\/wp-content\/uploads\/2025\/03\/AK_People_32-2048x1366.jpg 2048w\" sizes=\"auto, (max-width: 2560px) 100vw, 2560px\" \/><\/div><\/figure>[\/vc_column][vc_column width=&#8221;1\/2&#8243;]<style>.vcex-heading.vcex_69d4a917e9a03{width:750px;color:var(--wpex-palette-28-color);}.vcex-heading.vcex_69d4a917e9a03 .vcex-heading-inner{background-color:var(--wpex-palette-27-color);}<\/style><h2 class=\"vcex-heading vcex-heading-plain vcex-module wpex-h3 wpex-max-w-100 wpex-mx-auto vcex_69d4a917e9a03\"><span class=\"vcex-heading-inner wpex-inline-block wpex-px-15 wpex-py-10\">AKAMBA EXPRESS<\/span><\/h2>[vc_column_text css=&#8221;&#8221; width=&#8221;750px&#8221;]<span style=\"font-weight: 400;\">Akamba Express is a train ride departing from Guadalajara, an experience aboard the Jose Cuervo Express, where you can dance and enjoy D\u2019j sets and live acts, regional food and specialty cocktails, all while touring the majestic agave landscape.<\/span><\/p>\n<p><strong>Check in: <\/strong>12:00 pm<br \/>\n<strong>Boarding: <\/strong>12:30 pm<br \/>\n<a href=\"https:\/\/maps.app.goo.gl\/RL1rNf4LKbncbUvu9\" target=\"_blank\" rel=\"noopener\"><strong>\u2022 Estaci\u00f3n Jos\u00e9 Cuervo Express &#8211; FERROMEX<\/strong><\/a><br \/>\n<strong>Address: <\/strong>Circunvalaci\u00f3n Agust\u00edn Y\u00e1\u00f1ez 11, Moderna, 44190 Guadalajara, Jal.<br \/>\n<strong><br \/>\nImportant::<\/strong><br \/>\nthe station does not have parking, we suggest you use your app. favorite mobility method to get there.<br \/>\nOnce the platform is closed, boarding is not permitted; please take your time to check in.<b><br \/>\n<\/b><strong>Return: <\/strong>multiple departures starting at 12:30 am. on the festival\u2019s official transportation.<\/p>\n<p>You can purchase your ticket through Passline by<a href=\"https:\/\/www.passline.com\/eventos\/akamba\" target=\"_blank\" rel=\"noopener\"> clicking on this link<\/a>.[\/vc_column_text]<div class=\"vcex-spacing wpex-w-100 wpex-clear\" style=\"height:20px;\"><\/div>[\/vc_column][\/vc_row][vc_row content_placement=&#8221;middle&#8221; typography_style=&#8221;white&#8221; css=&#8221;.vc_custom_1763498256116{margin-top: 2em !important;padding-top: 2em !important;padding-right: 1em !important;padding-bottom: 2em !important;padding-left: 1em !important;}&#8221; wpex_bg_color=&#8221;palette-28&#8243;][vc_column width=&#8221;1\/2&#8243;]<figure class=\"vcex-image vcex-module\"><div class=\"vcex-image-inner wpex-relative wpex-inline-block\"><img width=\"2304\" height=\"1728\" src=\"https:\/\/akamba.mx\/wp-content\/uploads\/2025\/03\/freepik__passenger-bus-in-the-highway-with-desert-blurred-b__68991.jpg\" class=\"vcex-image-img wpex-align-middle wpex-aspect-1-1 wpex-object-cover\" alt=\"\" loading=\"lazy\" decoding=\"async\" srcset=\"https:\/\/akamba.mx\/wp-content\/uploads\/2025\/03\/freepik__passenger-bus-in-the-highway-with-desert-blurred-b__68991.jpg 2304w, https:\/\/akamba.mx\/wp-content\/uploads\/2025\/03\/freepik__passenger-bus-in-the-highway-with-desert-blurred-b__68991-768x576.jpg 768w, https:\/\/akamba.mx\/wp-content\/uploads\/2025\/03\/freepik__passenger-bus-in-the-highway-with-desert-blurred-b__68991-1536x1152.jpg 1536w, https:\/\/akamba.mx\/wp-content\/uploads\/2025\/03\/freepik__passenger-bus-in-the-highway-with-desert-blurred-b__68991-2048x1536.jpg 2048w\" sizes=\"auto, (max-width: 2304px) 100vw, 2304px\" \/><\/div><\/figure>[\/vc_column][vc_column width=&#8221;1\/2&#8243;]<style>.vcex-heading.vcex_69d4a917ea671{width:750px;color:var(--wpex-palette-28-color);}.vcex-heading.vcex_69d4a917ea671 .vcex-heading-inner{background-color:var(--wpex-palette-27-color);}<\/style><h2 class=\"vcex-heading vcex-heading-plain vcex-module wpex-h3 wpex-max-w-100 wpex-mx-auto vcex_69d4a917ea671\"><span class=\"vcex-heading-inner wpex-inline-block wpex-px-15 wpex-py-10\">AKAMBA OFFICIAL BUS<\/span><\/h2>[vc_column_text css=&#8221;&#8221; width=&#8221;750px&#8221;]We invite you to use our official bus service, safe and comfortable round trip, departing from Guadalajara to the festival and returning to the same point.<\/p>\n<ul>\n<li><strong>Origin:<\/strong> Av. San Francisco and Calz. Lazaro Cardenas.<br \/>\n* Sanborns Parking Lot &#8211; La Gran Plaza.<\/li>\n<li><strong>Check in time:<\/strong> 1:15 pm<br \/>\n* Continuous departures between 1:30 and 2:30 p.m.<\/li>\n<li><strong>Return time:<\/strong> Multiple departures starting at 12:30 a.m.<\/li>\n<\/ul>\n<p>You can purchase your ticket through Passline by <strong><a href=\"https:\/\/www.passline.com\/eventos\/akamba\" target=\"_blank\" rel=\"noopener\">clicking on this link<\/a>.<\/strong>[\/vc_column_text][\/vc_column][\/vc_row][\/vc_section]\n<\/div>","protected":false},"excerpt":{"rendered":"<p>[vc_section full_width=&#8221;stretch_row&#8221; local_scroll_id=&#8221;hospedaje&#8221; el_class=&#8221;hospedaje&#8221; css=&#8221;.vc_custom_1763498229159{padding-top: 4em !important;padding-bottom: 4em !important;background-image: url(https:\/\/akamba.mx\/wp-content\/uploads\/2025\/11\/2-80.jpg?id=1331) !important;background-position: center !important;background-repeat: no-repeat !important;background-size: cover !important;}&#8221;][vc_row][vc_column][\/vc_column][\/vc_row][vc_row content_placement=&#8221;middle&#8221; typography_style=&#8221;white&#8221; css=&#8221;.vc_custom_1763498245509{padding-top: 2em !important;padding-right: 1em !important;padding-bottom: 2em !important;padding-left: 1em !important;}&#8221; wpex_bg_color=&#8221;palette-28&#8243;][vc_column width=&#8221;1\/2&#8243;][\/vc_column][vc_column width=&#8221;1\/2&#8243;][vc_column_text css=&#8221;&#8221; width=&#8221;750px&#8221;]Tequila is located a little more than 60 km from Guadalajara, if you go by car; just use the following term to get&hellip;<\/p>\n","protected":false},"author":1,"featured_media":0,"parent":0,"menu_order":0,"comment_status":"closed","ping_status":"closed","template":"","meta":{"_acf_changed":false,"iawp_total_views":376,"footnotes":""},"class_list":["post-662","page","type-page","status-publish","hentry","entry","no-media"],"acf":[],"yoast_head":"<!-- This site is optimized with the Yoast SEO plugin v27.3 - https:\/\/yoast.com\/product\/yoast-seo-wordpress\/ -->\n<title>How to get there - Akamba<\/title>\n<meta name=\"robots\" content=\"index, follow, max-snippet:-1, max-image-preview:large, max-video-preview:-1\" \/>\n<link rel=\"canonical\" href=\"https:\/\/akamba.mx\/en\/how-to-get-there\/\" \/>\n<meta property=\"og:locale\" content=\"en_US\" \/>\n<meta property=\"og:type\" content=\"article\" \/>\n<meta property=\"og:title\" content=\"How to get there - Akamba\" \/>\n<meta property=\"og:description\" content=\"[vc_section full_width=&#8221;stretch_row&#8221; local_scroll_id=&#8221;hospedaje&#8221; el_class=&#8221;hospedaje&#8221; css=&#8221;.vc_custom_1763498229159{padding-top: 4em !important;padding-bottom: 4em !important;background-image: url(https:\/\/akamba.mx\/wp-content\/uploads\/2025\/11\/2-80.jpg?id=1331) !important;background-position: center !important;background-repeat: no-repeat !important;background-size: cover !important;}&#8221;][vc_row][vc_column][\/vc_column][\/vc_row][vc_row content_placement=&#8221;middle&#8221; typography_style=&#8221;white&#8221; css=&#8221;.vc_custom_1763498245509{padding-top: 2em !important;padding-right: 1em !important;padding-bottom: 2em !important;padding-left: 1em !important;}&#8221; wpex_bg_color=&#8221;palette-28&#8243;][vc_column width=&#8221;1\/2&#8243;][\/vc_column][vc_column width=&#8221;1\/2&#8243;][vc_column_text css=&#8221;&#8221; width=&#8221;750px&#8221;]Tequila is located a little more than 60 km from Guadalajara, if you go by car; just use the following term to get&hellip;\" \/>\n<meta property=\"og:url\" content=\"https:\/\/akamba.mx\/en\/how-to-get-there\/\" \/>\n<meta property=\"og:site_name\" content=\"Akamba\" \/>\n<meta property=\"article:publisher\" content=\"https:\/\/www.facebook.com\/akambamx\" \/>\n<meta property=\"article:modified_time\" content=\"2025-11-18T21:10:20+00:00\" \/>\n<meta name=\"twitter:card\" content=\"summary_large_image\" \/>\n<meta name=\"twitter:site\" content=\"@AkambaMX\" \/>\n<meta name=\"twitter:label1\" content=\"Est. reading time\" \/>\n\t<meta name=\"twitter:data1\" content=\"2 minutes\" \/>\n<script type=\"application\/ld+json\" class=\"yoast-schema-graph\">{\"@context\":\"https:\\\/\\\/schema.org\",\"@graph\":[{\"@type\":\"WebPage\",\"@id\":\"https:\\\/\\\/akamba.mx\\\/en\\\/how-to-get-there\\\/\",\"url\":\"https:\\\/\\\/akamba.mx\\\/en\\\/how-to-get-there\\\/\",\"name\":\"How to get there - Akamba\",\"isPartOf\":{\"@id\":\"https:\\\/\\\/akamba.mx\\\/en\\\/#website\"},\"datePublished\":\"2025-03-03T17:35:33+00:00\",\"dateModified\":\"2025-11-18T21:10:20+00:00\",\"breadcrumb\":{\"@id\":\"https:\\\/\\\/akamba.mx\\\/en\\\/how-to-get-there\\\/#breadcrumb\"},\"inLanguage\":\"en-US\",\"potentialAction\":[{\"@type\":\"ReadAction\",\"target\":[\"https:\\\/\\\/akamba.mx\\\/en\\\/how-to-get-there\\\/\"]}]},{\"@type\":\"BreadcrumbList\",\"@id\":\"https:\\\/\\\/akamba.mx\\\/en\\\/how-to-get-there\\\/#breadcrumb\",\"itemListElement\":[{\"@type\":\"ListItem\",\"position\":1,\"name\":\"Home\",\"item\":\"https:\\\/\\\/akamba.mx\\\/en\\\/home\\\/\"},{\"@type\":\"ListItem\",\"position\":2,\"name\":\"How to get there\"}]},{\"@type\":\"WebSite\",\"@id\":\"https:\\\/\\\/akamba.mx\\\/en\\\/#website\",\"url\":\"https:\\\/\\\/akamba.mx\\\/en\\\/\",\"name\":\"Akamba\",\"description\":\"\",\"publisher\":{\"@id\":\"https:\\\/\\\/akamba.mx\\\/en\\\/#organization\"},\"potentialAction\":[{\"@type\":\"SearchAction\",\"target\":{\"@type\":\"EntryPoint\",\"urlTemplate\":\"https:\\\/\\\/akamba.mx\\\/en\\\/?s={search_term_string}\"},\"query-input\":{\"@type\":\"PropertyValueSpecification\",\"valueRequired\":true,\"valueName\":\"search_term_string\"}}],\"inLanguage\":\"en-US\"},{\"@type\":\"Organization\",\"@id\":\"https:\\\/\\\/akamba.mx\\\/en\\\/#organization\",\"name\":\"Akamba\",\"url\":\"https:\\\/\\\/akamba.mx\\\/en\\\/\",\"logo\":{\"@type\":\"ImageObject\",\"inLanguage\":\"en-US\",\"@id\":\"https:\\\/\\\/akamba.mx\\\/en\\\/#\\\/schema\\\/logo\\\/image\\\/\",\"url\":\"https:\\\/\\\/akamba.mx\\\/wp-content\\\/uploads\\\/2025\\\/11\\\/logorojo.svg\",\"contentUrl\":\"https:\\\/\\\/akamba.mx\\\/wp-content\\\/uploads\\\/2025\\\/11\\\/logorojo.svg\",\"width\":85,\"height\":40,\"caption\":\"Akamba\"},\"image\":{\"@id\":\"https:\\\/\\\/akamba.mx\\\/en\\\/#\\\/schema\\\/logo\\\/image\\\/\"},\"sameAs\":[\"https:\\\/\\\/www.facebook.com\\\/akambamx\",\"https:\\\/\\\/x.com\\\/AkambaMX\",\"https:\\\/\\\/www.instagram.com\\\/akambamx\",\"https:\\\/\\\/www.tiktok.com\\\/@akambamx\",\"https:\\\/\\\/www.youtube.com\\\/@akambamx\"]}]}<\/script>\n<!-- \/ Yoast SEO plugin. -->","yoast_head_json":{"title":"How to get there - Akamba","robots":{"index":"index","follow":"follow","max-snippet":"max-snippet:-1","max-image-preview":"max-image-preview:large","max-video-preview":"max-video-preview:-1"},"canonical":"https:\/\/akamba.mx\/en\/how-to-get-there\/","og_locale":"en_US","og_type":"article","og_title":"How to get there - Akamba","og_description":"[vc_section full_width=&#8221;stretch_row&#8221; local_scroll_id=&#8221;hospedaje&#8221; el_class=&#8221;hospedaje&#8221; css=&#8221;.vc_custom_1763498229159{padding-top: 4em !important;padding-bottom: 4em !important;background-image: url(https:\/\/akamba.mx\/wp-content\/uploads\/2025\/11\/2-80.jpg?id=1331) !important;background-position: center !important;background-repeat: no-repeat !important;background-size: cover !important;}&#8221;][vc_row][vc_column][\/vc_column][\/vc_row][vc_row content_placement=&#8221;middle&#8221; typography_style=&#8221;white&#8221; css=&#8221;.vc_custom_1763498245509{padding-top: 2em !important;padding-right: 1em !important;padding-bottom: 2em !important;padding-left: 1em !important;}&#8221; wpex_bg_color=&#8221;palette-28&#8243;][vc_column width=&#8221;1\/2&#8243;][\/vc_column][vc_column width=&#8221;1\/2&#8243;][vc_column_text css=&#8221;&#8221; width=&#8221;750px&#8221;]Tequila is located a little more than 60 km from Guadalajara, if you go by car; just use the following term to get&hellip;","og_url":"https:\/\/akamba.mx\/en\/how-to-get-there\/","og_site_name":"Akamba","article_publisher":"https:\/\/www.facebook.com\/akambamx","article_modified_time":"2025-11-18T21:10:20+00:00","twitter_card":"summary_large_image","twitter_site":"@AkambaMX","twitter_misc":{"Est. reading time":"2 minutes"},"schema":{"@context":"https:\/\/schema.org","@graph":[{"@type":"WebPage","@id":"https:\/\/akamba.mx\/en\/how-to-get-there\/","url":"https:\/\/akamba.mx\/en\/how-to-get-there\/","name":"How to get there - Akamba","isPartOf":{"@id":"https:\/\/akamba.mx\/en\/#website"},"datePublished":"2025-03-03T17:35:33+00:00","dateModified":"2025-11-18T21:10:20+00:00","breadcrumb":{"@id":"https:\/\/akamba.mx\/en\/how-to-get-there\/#breadcrumb"},"inLanguage":"en-US","potentialAction":[{"@type":"ReadAction","target":["https:\/\/akamba.mx\/en\/how-to-get-there\/"]}]},{"@type":"BreadcrumbList","@id":"https:\/\/akamba.mx\/en\/how-to-get-there\/#breadcrumb","itemListElement":[{"@type":"ListItem","position":1,"name":"Home","item":"https:\/\/akamba.mx\/en\/home\/"},{"@type":"ListItem","position":2,"name":"How to get there"}]},{"@type":"WebSite","@id":"https:\/\/akamba.mx\/en\/#website","url":"https:\/\/akamba.mx\/en\/","name":"Akamba","description":"","publisher":{"@id":"https:\/\/akamba.mx\/en\/#organization"},"potentialAction":[{"@type":"SearchAction","target":{"@type":"EntryPoint","urlTemplate":"https:\/\/akamba.mx\/en\/?s={search_term_string}"},"query-input":{"@type":"PropertyValueSpecification","valueRequired":true,"valueName":"search_term_string"}}],"inLanguage":"en-US"},{"@type":"Organization","@id":"https:\/\/akamba.mx\/en\/#organization","name":"Akamba","url":"https:\/\/akamba.mx\/en\/","logo":{"@type":"ImageObject","inLanguage":"en-US","@id":"https:\/\/akamba.mx\/en\/#\/schema\/logo\/image\/","url":"https:\/\/akamba.mx\/wp-content\/uploads\/2025\/11\/logorojo.svg","contentUrl":"https:\/\/akamba.mx\/wp-content\/uploads\/2025\/11\/logorojo.svg","width":85,"height":40,"caption":"Akamba"},"image":{"@id":"https:\/\/akamba.mx\/en\/#\/schema\/logo\/image\/"},"sameAs":["https:\/\/www.facebook.com\/akambamx","https:\/\/x.com\/AkambaMX","https:\/\/www.instagram.com\/akambamx","https:\/\/www.tiktok.com\/@akambamx","https:\/\/www.youtube.com\/@akambamx"]}]}},"_links":{"self":[{"href":"https:\/\/akamba.mx\/en\/wp-json\/wp\/v2\/pages\/662","targetHints":{"allow":["GET"]}}],"collection":[{"href":"https:\/\/akamba.mx\/en\/wp-json\/wp\/v2\/pages"}],"about":[{"href":"https:\/\/akamba.mx\/en\/wp-json\/wp\/v2\/types\/page"}],"author":[{"embeddable":true,"href":"https:\/\/akamba.mx\/en\/wp-json\/wp\/v2\/users\/1"}],"replies":[{"embeddable":true,"href":"https:\/\/akamba.mx\/en\/wp-json\/wp\/v2\/comments?post=662"}],"version-history":[{"count":9,"href":"https:\/\/akamba.mx\/en\/wp-json\/wp\/v2\/pages\/662\/revisions"}],"predecessor-version":[{"id":1356,"href":"https:\/\/akamba.mx\/en\/wp-json\/wp\/v2\/pages\/662\/revisions\/1356"}],"wp:attachment":[{"href":"https:\/\/akamba.mx\/en\/wp-json\/wp\/v2\/media?parent=662"}],"curies":[{"name":"wp","href":"https:\/\/api.w.org\/{rel}","templated":true}]}}